{"id":611,"date":"2021-01-07T11:40:41","date_gmt":"2021-01-07T10:40:41","guid":{"rendered":"https:\/\/dev.crossfitjackhammer.ch\/?page_id=611"},"modified":"2026-02-19T14:27:00","modified_gmt":"2026-02-19T13:27:00","slug":"trial-session","status":"publish","type":"page","link":"https:\/\/www.crossfitjackhammer.ch\/en\/trial-session\/","title":{"rendered":"Trial Session"},"content":{"rendered":"\n<h1>Probetraining + kostenloses Starterpaket<\/h1>\n\n\n\n<div style=\"border-top: 05px solid #ee8213;\"><\/div>\n\n\n\n<div style=\"height:30px\" aria-hidden=\"true\" class=\"wp-block-spacer\"><\/div>\n\n\n\n<div class=\"wp-block-cover aligncenter is-position-center-center\" style=\"min-height:375px\"><img loading=\"lazy\" width=\"2530\" height=\"1683\" class=\"wp-block-cover__image-background wp-image-4969\" alt=\"\" src=\"https:\/\/www.crossfitjackhammer.ch\/wp-content\/uploads\/2026\/02\/crop-15-10-2530-1683-0-HD24-250-1-scaled.jpg\" style=\"object-position:8% 30%\" data-object-fit=\"cover\" data-object-position=\"8% 30%\" srcset=\"https:\/\/www.crossfitjackhammer.ch\/wp-content\/uploads\/2026\/02\/crop-15-10-2530-1683-0-HD24-250-1-scaled.jpg 2530w, https:\/\/www.crossfitjackhammer.ch\/wp-content\/uploads\/2026\/02\/crop-15-10-2530-1683-0-HD24-250-1-scaled-300x200.jpg 300w, https:\/\/www.crossfitjackhammer.ch\/wp-content\/uploads\/2026\/02\/crop-15-10-2530-1683-0-HD24-250-1-scaled-1024x681.jpg 1024w, https:\/\/www.crossfitjackhammer.ch\/wp-content\/uploads\/2026\/02\/crop-15-10-2530-1683-0-HD24-250-1-scaled-768x511.jpg 768w, https:\/\/www.crossfitjackhammer.ch\/wp-content\/uploads\/2026\/02\/crop-15-10-2530-1683-0-HD24-250-1-scaled-1536x1022.jpg 1536w, https:\/\/www.crossfitjackhammer.ch\/wp-content\/uploads\/2026\/02\/crop-15-10-2530-1683-0-HD24-250-1-scaled-2048x1362.jpg 2048w, https:\/\/www.crossfitjackhammer.ch\/wp-content\/uploads\/2026\/02\/crop-15-10-2530-1683-0-HD24-250-1-scaled-600x399.jpg 600w\" sizes=\"(max-width: 2530px) 100vw, 2530px\" \/><div class=\"wp-block-cover__inner-container\">\n<p class=\"has-text-align-center has-text-color\" style=\"color:#fffffa;font-size:74px;line-height:1.1\"><\/p>\n<\/div><\/div>\n\n\n\n<section class=\"theme-block theme-services\" id=\"theme-services\">\n\t<div class=\"container-full\">\n\t\t<div class=\"row theme-services-content\">\n\t\t\t\t\t\n\t\t\t\t\t\t<div class=\"col-lg-4 col-md-6 col-sm-12\">\t\t\t\t\n\t\t        \n\t\t\t\t\t<article class=\"service-content text-center\">\n\t\t\t\t\t\n\t\t\t\t\t\t\t\t\t\t\t\t\t\t\t\t\t\t\t<figure class=\"service-content-thumbnail\">\n\t\t\t\t\t\t\t\t\t\t\t\t\t\t\t\t\t\t\t\t<a href=\"mailto:info@crossfitjackhammer.ch?subject=Anfrage Testtraining Open Gym;Body=Liebes%20Jackhammer%20Team,%0A%0AIch%20w\u00fcrde%20gerne%20ein%20Probetraining%20vereinbaren.%20Meine%20m\u00f6glichen%20Terminvorschl\u00e4ge%20sind.%0A%0A1.Termin:%0A2.Termin:%0A%0A%0AUnter%20dieser%20Telefonnummer%20bin%20ich%20f\u00fcr%20R\u00fcckfragen%20zu%20erreichen:%0A%0ALiebe%20Gr\u00fcsse%0A\"><i class=\"fa fa-thumbs-up\"><\/i><\/a>\n\t\t\t\t\t\t\t\t\t\t\t\t\t\t\t\t\t\t\t\t\t\t\t\t\t<\/figure>\n\t\t\t\t\t\t\t\t\t\t\t\t\t\t\t\t\t\t\t\n\t\t\t\t\t\t\t\t\t\t\t\t\t\t\t\t\t\t\t\t\t\t<h5 class=\"service-title\"><a href=\"mailto:info@crossfitjackhammer.ch?subject=Anfrage Probetraining&amp;Body=Liebes%20Jackhammer%20Team,%0A%0AIch%20w\u00fcrde%20gerne%20ein%20Probetraining%20vereinbaren.%20Meine%20m\u00f6glichen%20Terminvorschl\u00e4ge%20sind.%0A%0A1.Termin:%0A2.Termin:%0A%0A%0AUnter%20dieser%20Telefonnummer%20bin%20ich%20f\u00fcr%20R\u00fcckfragen%20zu%20erreichen:%0A%0ALiebe%20Gr\u00fcsse%0A\">kostenloses Probetraining<\/a><\/h5>\t\t\t\t\t\t\t\t\t\t\t\t\t\t\t\t\t\t\t\t\t\t<p>inkl. Starterpaket<\/p>\n\t\t\t\t\t\t\t\t\t\t\t\t\t\t\n\t\t\t\t\t\t\t\t\t\t\t\t\t\t\t\t\t\t\t\t<div class=\"service-links\"><a href=\"mailto:info@crossfitjackhammer.ch?subject=Anfrage Probetraining&amp;Body=Liebes%20Jackhammer%20Team,%0A%0AIch%20w\u00fcrde%20gerne%20ein%20Probetraining%20vereinbaren.%20Meine%20m\u00f6glichen%20Terminvorschl\u00e4ge%20sind.%0A%0A1.Termin:%0A2.Termin:%0A%0A%0AUnter%20dieser%20Telefonnummer%20bin%20ich%20f\u00fcr%20R\u00fcckfragen%20zu%20erreichen:%0A%0ALiebe%20Gr\u00fcsse%0A\">Anfrage Probetraining<\/a><\/div>\n\t\t\t\t\t\t\t\t\t\t\t\t\t\t\n\t\t\t\t\t\t\t\n\t\t\t\t\t\t\t\n\t\t\t\t\t\t\t\t\t\t\t\t\n\t\t\t\t\t<\/article>\n\t\t\t\t\n\t\t\t<\/div><\/div><\/div><\/section>\n\n\n\n<p class=\"has-text-align-left\"><strong>Contents of introductory lesson + starter pack<\/strong><\/p>\n\n\n\n<ul><li>Welcome meeting<\/li><li>1:1 introductory training with a coach<\/li><li>Develop personal goals and analyze your current situation<\/li><li>Clarify procedures and processes<\/li><li>3 hours of no-obligation testing<\/li><\/ul>\n\n\n\n<p class=\"has-text-align-left\">Have you heard of CrossFit but don&#8217;t know if it&#8217;s right for you? Or would you like to switch to our box? We take the time to discuss individual goals and wishes with everyone. We start with a 1:1 training session to get to know you, where you are and where you want to go. In 60 minutes, we work with you on the fundamentals and give you an understanding of how our structure is set up. With our free starter package, we give you the opportunity to try out 3 hours of our services with no obligation. So what are you waiting for?<\/p>\n\n\n\n<p><\/p>\n","protected":false},"excerpt":{"rendered":"<p>Probetraining + kostenloses Starterpaket kostenloses Probetraining inkl. Starterpaket Anfrage Probetraining Contents of introductory lesson + starter pack Welcome meeting 1:1 introductory training with a coach Develop personal goals and analyze your current situation Clarify procedures and processes 3 hours of no-obligation testing Have you heard of CrossFit but don&#8217;t know if it&#8217;s right for you? [&hellip;]<\/p>\n","protected":false},"author":1,"featured_media":0,"parent":0,"menu_order":0,"comment_status":"closed","ping_status":"closed","template":"","meta":{"_coblocks_attr":"","_coblocks_dimensions":"","_coblocks_responsive_height":"","_coblocks_accordion_ie_support":""},"yoast_head":"<!-- This site is optimized with the Yoast SEO plugin v17.5 - https:\/\/yoast.com\/wordpress\/plugins\/seo\/ -->\n<title>Trial Session -<\/title>\n<meta name=\"robots\" content=\"index, follow, max-snippet:-1, max-image-preview:large, max-video-preview:-1\" \/>\n<link rel=\"canonical\" href=\"https:\/\/www.crossfitjackhammer.ch\/en\/trial-session\/\" \/>\n<meta property=\"og:locale\" content=\"en_US\" \/>\n<meta property=\"og:type\" content=\"article\" \/>\n<meta property=\"og:title\" content=\"Trial Session -\" \/>\n<meta property=\"og:description\" content=\"Probetraining + kostenloses Starterpaket kostenloses Probetraining inkl. Starterpaket Anfrage Probetraining Contents of introductory lesson + starter pack Welcome meeting 1:1 introductory training with a coach Develop personal goals and analyze your current situation Clarify procedures and processes 3 hours of no-obligation testing Have you heard of CrossFit but don&#8217;t know if it&#8217;s right for you? [&hellip;]\" \/>\n<meta property=\"og:url\" content=\"https:\/\/www.crossfitjackhammer.ch\/en\/trial-session\/\" \/>\n<meta property=\"article:modified_time\" content=\"2026-02-19T13:27:00+00:00\" \/>\n<meta property=\"og:image\" content=\"https:\/\/www.crossfitjackhammer.ch\/wp-content\/uploads\/2026\/02\/crop-15-10-2530-1683-0-HD24-250-1-scaled.jpg\" \/>\n<meta name=\"twitter:card\" content=\"summary_large_image\" \/>\n<meta name=\"twitter:label1\" content=\"Est. reading time\" \/>\n\t<meta name=\"twitter:data1\" content=\"1 minute\" \/>\n<script type=\"application\/ld+json\" class=\"yoast-schema-graph\">{\"@context\":\"https:\/\/schema.org\",\"@graph\":[{\"@type\":\"WebSite\",\"@id\":\"https:\/\/www.crossfitjackhammer.ch\/#website\",\"url\":\"https:\/\/www.crossfitjackhammer.ch\/\",\"name\":\"\",\"description\":\"\",\"potentialAction\":[{\"@type\":\"SearchAction\",\"target\":{\"@type\":\"EntryPoint\",\"urlTemplate\":\"https:\/\/www.crossfitjackhammer.ch\/?s={search_term_string}\"},\"query-input\":\"required name=search_term_string\"}],\"inLanguage\":\"en-US\"},{\"@type\":\"ImageObject\",\"@id\":\"https:\/\/www.crossfitjackhammer.ch\/en\/trial-session\/#primaryimage\",\"inLanguage\":\"en-US\",\"url\":\"https:\/\/www.crossfitjackhammer.ch\/wp-content\/uploads\/2026\/02\/crop-15-10-2530-1683-0-HD24-250-1-scaled.jpg\",\"contentUrl\":\"https:\/\/www.crossfitjackhammer.ch\/wp-content\/uploads\/2026\/02\/crop-15-10-2530-1683-0-HD24-250-1-scaled.jpg\",\"width\":2530,\"height\":1683},{\"@type\":\"WebPage\",\"@id\":\"https:\/\/www.crossfitjackhammer.ch\/en\/trial-session\/#webpage\",\"url\":\"https:\/\/www.crossfitjackhammer.ch\/en\/trial-session\/\",\"name\":\"Trial Session -\",\"isPartOf\":{\"@id\":\"https:\/\/www.crossfitjackhammer.ch\/#website\"},\"primaryImageOfPage\":{\"@id\":\"https:\/\/www.crossfitjackhammer.ch\/en\/trial-session\/#primaryimage\"},\"datePublished\":\"2021-01-07T10:40:41+00:00\",\"dateModified\":\"2026-02-19T13:27:00+00:00\",\"breadcrumb\":{\"@id\":\"https:\/\/www.crossfitjackhammer.ch\/en\/trial-session\/#breadcrumb\"},\"inLanguage\":\"en-US\",\"potentialAction\":[{\"@type\":\"ReadAction\",\"target\":[\"https:\/\/www.crossfitjackhammer.ch\/en\/trial-session\/\"]}]},{\"@type\":\"BreadcrumbList\",\"@id\":\"https:\/\/www.crossfitjackhammer.ch\/en\/trial-session\/#breadcrumb\",\"itemListElement\":[{\"@type\":\"ListItem\",\"position\":1,\"name\":\"Startseite\",\"item\":\"https:\/\/www.crossfitjackhammer.ch\/?lang=en\"},{\"@type\":\"ListItem\",\"position\":2,\"name\":\"Trial Session\"}]}]}<\/script>\n<!-- \/ Yoast SEO plugin. -->","yoast_head_json":{"title":"Trial Session -","robots":{"index":"index","follow":"follow","max-snippet":"max-snippet:-1","max-image-preview":"max-image-preview:large","max-video-preview":"max-video-preview:-1"},"canonical":"https:\/\/www.crossfitjackhammer.ch\/en\/trial-session\/","og_locale":"en_US","og_type":"article","og_title":"Trial Session -","og_description":"Probetraining + kostenloses Starterpaket kostenloses Probetraining inkl. Starterpaket Anfrage Probetraining Contents of introductory lesson + starter pack Welcome meeting 1:1 introductory training with a coach Develop personal goals and analyze your current situation Clarify procedures and processes 3 hours of no-obligation testing Have you heard of CrossFit but don&#8217;t know if it&#8217;s right for you? [&hellip;]","og_url":"https:\/\/www.crossfitjackhammer.ch\/en\/trial-session\/","article_modified_time":"2026-02-19T13:27:00+00:00","og_image":[{"url":"https:\/\/www.crossfitjackhammer.ch\/wp-content\/uploads\/2026\/02\/crop-15-10-2530-1683-0-HD24-250-1-scaled.jpg"}],"twitter_card":"summary_large_image","twitter_misc":{"Est. reading time":"1 minute"},"schema":{"@context":"https:\/\/schema.org","@graph":[{"@type":"WebSite","@id":"https:\/\/www.crossfitjackhammer.ch\/#website","url":"https:\/\/www.crossfitjackhammer.ch\/","name":"","description":"","potentialAction":[{"@type":"SearchAction","target":{"@type":"EntryPoint","urlTemplate":"https:\/\/www.crossfitjackhammer.ch\/?s={search_term_string}"},"query-input":"required name=search_term_string"}],"inLanguage":"en-US"},{"@type":"ImageObject","@id":"https:\/\/www.crossfitjackhammer.ch\/en\/trial-session\/#primaryimage","inLanguage":"en-US","url":"https:\/\/www.crossfitjackhammer.ch\/wp-content\/uploads\/2026\/02\/crop-15-10-2530-1683-0-HD24-250-1-scaled.jpg","contentUrl":"https:\/\/www.crossfitjackhammer.ch\/wp-content\/uploads\/2026\/02\/crop-15-10-2530-1683-0-HD24-250-1-scaled.jpg","width":2530,"height":1683},{"@type":"WebPage","@id":"https:\/\/www.crossfitjackhammer.ch\/en\/trial-session\/#webpage","url":"https:\/\/www.crossfitjackhammer.ch\/en\/trial-session\/","name":"Trial Session -","isPartOf":{"@id":"https:\/\/www.crossfitjackhammer.ch\/#website"},"primaryImageOfPage":{"@id":"https:\/\/www.crossfitjackhammer.ch\/en\/trial-session\/#primaryimage"},"datePublished":"2021-01-07T10:40:41+00:00","dateModified":"2026-02-19T13:27:00+00:00","breadcrumb":{"@id":"https:\/\/www.crossfitjackhammer.ch\/en\/trial-session\/#breadcrumb"},"inLanguage":"en-US","potentialAction":[{"@type":"ReadAction","target":["https:\/\/www.crossfitjackhammer.ch\/en\/trial-session\/"]}]},{"@type":"BreadcrumbList","@id":"https:\/\/www.crossfitjackhammer.ch\/en\/trial-session\/#breadcrumb","itemListElement":[{"@type":"ListItem","position":1,"name":"Startseite","item":"https:\/\/www.crossfitjackhammer.ch\/?lang=en"},{"@type":"ListItem","position":2,"name":"Trial Session"}]}]}},"_links":{"self":[{"href":"https:\/\/www.crossfitjackhammer.ch\/en\/wp-json\/wp\/v2\/pages\/611"}],"collection":[{"href":"https:\/\/www.crossfitjackhammer.ch\/en\/wp-json\/wp\/v2\/pages"}],"about":[{"href":"https:\/\/www.crossfitjackhammer.ch\/en\/wp-json\/wp\/v2\/types\/page"}],"author":[{"embeddable":true,"href":"https:\/\/www.crossfitjackhammer.ch\/en\/wp-json\/wp\/v2\/users\/1"}],"replies":[{"embeddable":true,"href":"https:\/\/www.crossfitjackhammer.ch\/en\/wp-json\/wp\/v2\/comments?post=611"}],"version-history":[{"count":10,"href":"https:\/\/www.crossfitjackhammer.ch\/en\/wp-json\/wp\/v2\/pages\/611\/revisions"}],"predecessor-version":[{"id":5002,"href":"https:\/\/www.crossfitjackhammer.ch\/en\/wp-json\/wp\/v2\/pages\/611\/revisions\/5002"}],"wp:attachment":[{"href":"https:\/\/www.crossfitjackhammer.ch\/en\/wp-json\/wp\/v2\/media?parent=611"}],"curies":[{"name":"wp","href":"https:\/\/api.w.org\/{rel}","templated":true}]}}