{"id":511,"date":"2020-12-22T13:39:13","date_gmt":"2020-12-22T13:39:13","guid":{"rendered":"https:\/\/dev.crossfitjackhammer.ch\/open-gym\/"},"modified":"2026-02-19T14:27:02","modified_gmt":"2026-02-19T13:27:02","slug":"open-gym","status":"publish","type":"page","link":"https:\/\/www.crossfitjackhammer.ch\/en\/open-gym\/","title":{"rendered":"Open Gym"},"content":{"rendered":"\n<h1 class=\"has-text-align-left\">24\/7 Open Gym<\/h1>\n\n\n\n<div style=\"border-top: 05px solid #ee8213;\"><\/div>\n\n\n\n<div style=\"height:30px\" aria-hidden=\"true\" class=\"wp-block-spacer\"><\/div>\n\n\n\n<div class=\"wp-block-columns\">\n<div class=\"wp-block-column\" style=\"flex-basis:100%\">\n<div class=\"wp-block-coblocks-gallery-carousel alignfull\"><div class=\"is-cropped coblocks-gallery has-caption-style-dark has-horizontal-gutter\"><div class=\"has-carousel has-carousel-lrg\" style=\"height:400px\" data-flickity=\"{&quot;autoPlay&quot;:false,&quot;draggable&quot;:true,&quot;pageDots&quot;:false,&quot;prevNextButtons&quot;:true,&quot;wrapAround&quot;:true,&quot;cellAlign&quot;:&quot;center&quot;,&quot;pauseAutoPlayOnHover&quot;:false,&quot;freeScroll&quot;:false,&quot;arrowShape&quot;:{&quot;x0&quot;:10,&quot;x1&quot;:60,&quot;y1&quot;:50,&quot;x2&quot;:65,&quot;y2&quot;:45,&quot;x3&quot;:20},&quot;thumbnails&quot;:false,&quot;responsiveHeight&quot;:false}\"><div class=\"coblocks-gallery--item\"><figure class=\"coblocks-gallery--figure has-margin-left-5 has-margin-left-mobile-15 has-margin-right-5 has-margin-right-mobile-15\"><img loading=\"lazy\" width=\"819\" height=\"1024\" src=\"https:\/\/www.crossfitjackhammer.ch\/wp-content\/uploads\/2024\/09\/67474922-BAEF-4735-8B80-1E6B927CA365-819x1024.jpg\" alt=\"\" data-id=\"4131\" data-link=\"https:\/\/www.crossfitjackhammer.ch\/67474922-baef-4735-8b80-1e6b927ca365\/\" class=\"wp-image-4131\" srcset=\"https:\/\/www.crossfitjackhammer.ch\/wp-content\/uploads\/2024\/09\/67474922-BAEF-4735-8B80-1E6B927CA365-819x1024.jpg 819w, https:\/\/www.crossfitjackhammer.ch\/wp-content\/uploads\/2024\/09\/67474922-BAEF-4735-8B80-1E6B927CA365-240x300.jpg 240w, https:\/\/www.crossfitjackhammer.ch\/wp-content\/uploads\/2024\/09\/67474922-BAEF-4735-8B80-1E6B927CA365-768x960.jpg 768w, https:\/\/www.crossfitjackhammer.ch\/wp-content\/uploads\/2024\/09\/67474922-BAEF-4735-8B80-1E6B927CA365-1229x1536.jpg 1229w, https:\/\/www.crossfitjackhammer.ch\/wp-content\/uploads\/2024\/09\/67474922-BAEF-4735-8B80-1E6B927CA365-600x750.jpg 600w, https:\/\/www.crossfitjackhammer.ch\/wp-content\/uploads\/2024\/09\/67474922-BAEF-4735-8B80-1E6B927CA365.jpg 1440w\" sizes=\"(max-width: 819px) 100vw, 819px\" \/><\/figure><\/div><div class=\"coblocks-gallery--item\"><figure class=\"coblocks-gallery--figure has-margin-left-5 has-margin-left-mobile-15 has-margin-right-5 has-margin-right-mobile-15\"><img loading=\"lazy\" width=\"768\" height=\"1024\" src=\"https:\/\/www.crossfitjackhammer.ch\/wp-content\/uploads\/2024\/05\/IMG_5682-768x1024.jpeg\" alt=\"\" data-id=\"4017\" data-link=\"https:\/\/www.crossfitjackhammer.ch\/location\/img_5682-2\/\" class=\"wp-image-4017\" srcset=\"https:\/\/www.crossfitjackhammer.ch\/wp-content\/uploads\/2024\/05\/IMG_5682-768x1024.jpeg 768w, https:\/\/www.crossfitjackhammer.ch\/wp-content\/uploads\/2024\/05\/IMG_5682-225x300.jpeg 225w, https:\/\/www.crossfitjackhammer.ch\/wp-content\/uploads\/2024\/05\/IMG_5682-1152x1536.jpeg 1152w, https:\/\/www.crossfitjackhammer.ch\/wp-content\/uploads\/2024\/05\/IMG_5682-1536x2048.jpeg 1536w, https:\/\/www.crossfitjackhammer.ch\/wp-content\/uploads\/2024\/05\/IMG_5682-600x800.jpeg 600w, https:\/\/www.crossfitjackhammer.ch\/wp-content\/uploads\/2024\/05\/IMG_5682-scaled.jpeg 1920w\" sizes=\"(max-width: 768px) 100vw, 768px\" \/><\/figure><\/div><div class=\"coblocks-gallery--item\"><figure class=\"coblocks-gallery--figure has-margin-left-5 has-margin-left-mobile-15 has-margin-right-5 has-margin-right-mobile-15\"><img loading=\"lazy\" width=\"768\" height=\"1024\" src=\"https:\/\/www.crossfitjackhammer.ch\/wp-content\/uploads\/2024\/09\/7915f426-dc9c-4d3c-8365-480cdf16178b-768x1024.jpg\" alt=\"\" data-id=\"4134\" data-link=\"https:\/\/www.crossfitjackhammer.ch\/7915f426-dc9c-4d3c-8365-480cdf16178b\/\" class=\"wp-image-4134\" srcset=\"https:\/\/www.crossfitjackhammer.ch\/wp-content\/uploads\/2024\/09\/7915f426-dc9c-4d3c-8365-480cdf16178b-768x1024.jpg 768w, https:\/\/www.crossfitjackhammer.ch\/wp-content\/uploads\/2024\/09\/7915f426-dc9c-4d3c-8365-480cdf16178b-225x300.jpg 225w, https:\/\/www.crossfitjackhammer.ch\/wp-content\/uploads\/2024\/09\/7915f426-dc9c-4d3c-8365-480cdf16178b-1152x1536.jpg 1152w, https:\/\/www.crossfitjackhammer.ch\/wp-content\/uploads\/2024\/09\/7915f426-dc9c-4d3c-8365-480cdf16178b-600x800.jpg 600w, https:\/\/www.crossfitjackhammer.ch\/wp-content\/uploads\/2024\/09\/7915f426-dc9c-4d3c-8365-480cdf16178b.jpg 1536w\" sizes=\"(max-width: 768px) 100vw, 768px\" \/><\/figure><\/div><div class=\"coblocks-gallery--item\"><figure class=\"coblocks-gallery--figure has-margin-left-5 has-margin-left-mobile-15 has-margin-right-5 has-margin-right-mobile-15\"><img loading=\"lazy\" width=\"768\" height=\"1024\" src=\"https:\/\/www.crossfitjackhammer.ch\/wp-content\/uploads\/2026\/02\/IMG_2481-768x1024.jpeg\" alt=\"\" data-id=\"4922\" data-link=\"https:\/\/www.crossfitjackhammer.ch\/location\/img_2481\/\" class=\"wp-image-4922\" srcset=\"https:\/\/www.crossfitjackhammer.ch\/wp-content\/uploads\/2026\/02\/IMG_2481-768x1024.jpeg 768w, https:\/\/www.crossfitjackhammer.ch\/wp-content\/uploads\/2026\/02\/IMG_2481-225x300.jpeg 225w, https:\/\/www.crossfitjackhammer.ch\/wp-content\/uploads\/2026\/02\/IMG_2481-1152x1536.jpeg 1152w, https:\/\/www.crossfitjackhammer.ch\/wp-content\/uploads\/2026\/02\/IMG_2481-1536x2048.jpeg 1536w, https:\/\/www.crossfitjackhammer.ch\/wp-content\/uploads\/2026\/02\/IMG_2481-600x800.jpeg 600w, https:\/\/www.crossfitjackhammer.ch\/wp-content\/uploads\/2026\/02\/IMG_2481-scaled.jpeg 1920w\" sizes=\"(max-width: 768px) 100vw, 768px\" \/><\/figure><\/div><div class=\"coblocks-gallery--item\"><figure class=\"coblocks-gallery--figure has-margin-left-5 has-margin-left-mobile-15 has-margin-right-5 has-margin-right-mobile-15\"><img src=\"https:\/\/www.crossfitjackhammer.ch\/wp-content\/uploads\/2026\/02\/IMG_2381.heic\" alt=\"\" data-id=\"4877\" data-link=\"https:\/\/www.crossfitjackhammer.ch\/img_2381\/\" class=\"wp-image-4877\"\/><\/figure><\/div><div class=\"coblocks-gallery--item\"><figure class=\"coblocks-gallery--figure has-margin-left-5 has-margin-left-mobile-15 has-margin-right-5 has-margin-right-mobile-15\"><img loading=\"lazy\" width=\"768\" height=\"1024\" src=\"https:\/\/www.crossfitjackhammer.ch\/wp-content\/uploads\/2026\/02\/IMG_2462-768x1024.jpeg\" alt=\"\" data-id=\"4906\" data-link=\"https:\/\/www.crossfitjackhammer.ch\/location\/img_2462\/\" class=\"wp-image-4906\" srcset=\"https:\/\/www.crossfitjackhammer.ch\/wp-content\/uploads\/2026\/02\/IMG_2462-768x1024.jpeg 768w, https:\/\/www.crossfitjackhammer.ch\/wp-content\/uploads\/2026\/02\/IMG_2462-225x300.jpeg 225w, https:\/\/www.crossfitjackhammer.ch\/wp-content\/uploads\/2026\/02\/IMG_2462-1152x1536.jpeg 1152w, https:\/\/www.crossfitjackhammer.ch\/wp-content\/uploads\/2026\/02\/IMG_2462-1536x2048.jpeg 1536w, https:\/\/www.crossfitjackhammer.ch\/wp-content\/uploads\/2026\/02\/IMG_2462-600x800.jpeg 600w, https:\/\/www.crossfitjackhammer.ch\/wp-content\/uploads\/2026\/02\/IMG_2462-scaled.jpeg 1920w\" sizes=\"(max-width: 768px) 100vw, 768px\" \/><\/figure><\/div><div class=\"coblocks-gallery--item\"><figure class=\"coblocks-gallery--figure has-margin-left-5 has-margin-left-mobile-15 has-margin-right-5 has-margin-right-mobile-15\"><img loading=\"lazy\" width=\"768\" height=\"1024\" src=\"https:\/\/www.crossfitjackhammer.ch\/wp-content\/uploads\/2024\/09\/IMG_6428-768x1024.jpeg\" alt=\"\" data-id=\"4164\" data-link=\"https:\/\/www.crossfitjackhammer.ch\/location\/img_6428\/\" class=\"wp-image-4164\" srcset=\"https:\/\/www.crossfitjackhammer.ch\/wp-content\/uploads\/2024\/09\/IMG_6428-768x1024.jpeg 768w, https:\/\/www.crossfitjackhammer.ch\/wp-content\/uploads\/2024\/09\/IMG_6428-225x300.jpeg 225w, https:\/\/www.crossfitjackhammer.ch\/wp-content\/uploads\/2024\/09\/IMG_6428-1152x1536.jpeg 1152w, https:\/\/www.crossfitjackhammer.ch\/wp-content\/uploads\/2024\/09\/IMG_6428-1536x2048.jpeg 1536w, https:\/\/www.crossfitjackhammer.ch\/wp-content\/uploads\/2024\/09\/IMG_6428-600x800.jpeg 600w, https:\/\/www.crossfitjackhammer.ch\/wp-content\/uploads\/2024\/09\/IMG_6428-scaled.jpeg 1920w\" sizes=\"(max-width: 768px) 100vw, 768px\" \/><\/figure><\/div><div class=\"coblocks-gallery--item\"><figure class=\"coblocks-gallery--figure has-margin-left-5 has-margin-left-mobile-15 has-margin-right-5 has-margin-right-mobile-15\"><img loading=\"lazy\" width=\"768\" height=\"1024\" src=\"https:\/\/www.crossfitjackhammer.ch\/wp-content\/uploads\/2024\/09\/IMG_6518-768x1024.jpeg\" alt=\"\" data-id=\"4169\" data-link=\"https:\/\/www.crossfitjackhammer.ch\/location\/img_6518\/\" class=\"wp-image-4169\" srcset=\"https:\/\/www.crossfitjackhammer.ch\/wp-content\/uploads\/2024\/09\/IMG_6518-768x1024.jpeg 768w, https:\/\/www.crossfitjackhammer.ch\/wp-content\/uploads\/2024\/09\/IMG_6518-225x300.jpeg 225w, https:\/\/www.crossfitjackhammer.ch\/wp-content\/uploads\/2024\/09\/IMG_6518-1152x1536.jpeg 1152w, https:\/\/www.crossfitjackhammer.ch\/wp-content\/uploads\/2024\/09\/IMG_6518-1536x2048.jpeg 1536w, https:\/\/www.crossfitjackhammer.ch\/wp-content\/uploads\/2024\/09\/IMG_6518-600x800.jpeg 600w, https:\/\/www.crossfitjackhammer.ch\/wp-content\/uploads\/2024\/09\/IMG_6518-scaled.jpeg 1920w\" sizes=\"(max-width: 768px) 100vw, 768px\" \/><\/figure><\/div><\/div><\/div><\/div>\n<\/div>\n<\/div>\n\n\n\n<section class=\"theme-block theme-services\" id=\"theme-services\">\n\t<div class=\"container-full\">\n\t\t<div class=\"row theme-services-content\">\n\t\t\t\t\t\n\t\t\t\t\t\t<div class=\"col-lg-4 col-md-6 col-sm-12\">\t\t\t\t\n\t\t        \n\t\t\t\t\t<article class=\"service-content text-center\">\n\t\t\t\t\t\n\t\t\t\t\t\t\t\t\t\t\t\t\t\t\t\t\t\t\t<figure class=\"service-content-thumbnail\">\n\t\t\t\t\t\t\t\t\t\t\t\t\t\t\t\t\t\t\t\t<a href=\"mailto:info@crossfitjackhammer.ch?subject=Anfrage Testtraining Opengym;Body=Liebes%20Jackhammer%20Team,%0A%0AIch%20w\u00fcrde%20gerne%20ein%20Probetraining%20vereinbaren.%20Meine%20m\u00f6glichen%20Terminvorschl\u00e4ge%20sind.%0A%0A1.Termin:%0A2.Termin:%0A%0A%0AUnter%20dieser%20Telefonnummer%20bin%20ich%20f\u00fcr%20R\u00fcckfragen%20zu%20erreichen:%0A%0ALiebe%20Gr\u00fcsse%0A\"><i class=\"fa fa-thumbs-up\"><\/i><\/a>\n\t\t\t\t\t\t\t\t\t\t\t\t\t\t\t\t\t\t\t\t\t\t\t\t\t<\/figure>\n\t\t\t\t\t\t\t\t\t\t\t\t\t\t\t\t\t\t\t\n\t\t\t\t\t\t\t\t\t\t\t\t\t\t\t\t\t\t\t\t\t\t<h5 class=\"service-title\"><a href=\"mailto:info@crossfitjackhammer.ch?subject=Anfrage Testtraining OpenGym&amp;Body=Liebes%20Jackhammer%20Team,%0A%0AIch%20w\u00fcrde%20gerne%20ein%20Probetraining%20vereinbaren.%20Meine%20m\u00f6glichen%20Terminvorschl\u00e4ge%20sind.%0A%0A1.Termin:%0A2.Termin:%0A%0A%0AUnter%20dieser%20Telefonnummer%20bin%20ich%20f\u00fcr%20R\u00fcckfragen%20zu%20erreichen:%0A%0ALiebe%20Gr\u00fcsse%0A\">kostenloses Probetraining<\/a><\/h5>\t\t\t\t\t\t\t\t\t\t\t\t\t\t\t\t\t\t\t\t\t\t\n\t\t\t\t\t\t\t\t\t\t\t\t\t\t\n\t\t\t\t\t\t\t\t\t\t\t\t\t\t\t\t\t\t\t\t<div class=\"service-links\"><a href=\"mailto:info@crossfitjackhammer.ch?subject=Anfrage Testtraining OpenGym&amp;Body=Liebes%20Jackhammer%20Team,%0A%0AIch%20w\u00fcrde%20gerne%20ein%20Probetraining%20vereinbaren.%20Meine%20m\u00f6glichen%20Terminvorschl\u00e4ge%20sind.%0A%0A1.Termin:%0A2.Termin:%0A%0A%0AUnter%20dieser%20Telefonnummer%20bin%20ich%20f\u00fcr%20R\u00fcckfragen%20zu%20erreichen:%0A%0ALiebe%20Gr\u00fcsse%0A\">Anfrage Probetraining<\/a><\/div>\n\t\t\t\t\t\t\t\t\t\t\t\t\t\t\n\t\t\t\t\t\t\t\n\t\t\t\t\t\t\t\n\t\t\t\t\t\t\t\t\t\t\t\t\n\t\t\t\t\t<\/article>\n\t\t\t\t\n\t\t\t<\/div><\/div><\/div><\/section>\n\n\n<p style=\"text-align: left;\">In our gym, we offer the opportunity to train independently in the open gym and make use of the professional equipment. This option can of course also be combined with a membership subscription.<\/p>\n<p><strong>Facts about the Open Gym:<\/strong><\/p>\n<ul>\n<li>24\/7 access with your own key card<\/li>\n<li>Powerlifting, weightlifting, and CrossFit<\/li>\n<li>Best equipment (Holdstrong|Eleiko|Concept 2|Assault Fitness|VTE)<\/li>\n<li>Competition rigs<\/li>\n<li>Cable machines<\/li>\n<li>Benches (GHD \/ Benchpress)<\/li>\n<li>Lat pull machine<\/li>\n<li>Cable rowing machine<\/li>\n<li>Leg curl machine<\/li>\n<li>Leg extension machine<\/li>\n<li>Sled with artificial turf<\/li>\n<li>Weight vests, sandbags, ropes, D-balls<\/li>\n<\/ul>","protected":false},"excerpt":{"rendered":"<p>24\/7 Open Gym kostenloses Probetraining Anfrage Probetraining In our gym, we offer the opportunity to train independently in the open gym and make use of the professional equipment. This option can of course also be combined with a membership subscription. Facts about the Open Gym: 24\/7 access with your own key card Powerlifting, weightlifting, and [&hellip;]<\/p>\n","protected":false},"author":1,"featured_media":0,"parent":0,"menu_order":0,"comment_status":"closed","ping_status":"closed","template":"","meta":{"_coblocks_attr":"","_coblocks_dimensions":"","_coblocks_responsive_height":"","_coblocks_accordion_ie_support":""},"yoast_head":"<!-- This site is optimized with the Yoast SEO plugin v17.5 - https:\/\/yoast.com\/wordpress\/plugins\/seo\/ -->\n<title>Open Gym -<\/title>\n<meta name=\"robots\" content=\"index, follow, max-snippet:-1, max-image-preview:large, max-video-preview:-1\" \/>\n<link rel=\"canonical\" href=\"https:\/\/www.crossfitjackhammer.ch\/en\/open-gym\/\" \/>\n<meta property=\"og:locale\" content=\"en_US\" \/>\n<meta property=\"og:type\" content=\"article\" \/>\n<meta property=\"og:title\" content=\"Open Gym -\" \/>\n<meta property=\"og:description\" content=\"24\/7 Open Gym kostenloses Probetraining Anfrage Probetraining In our gym, we offer the opportunity to train independently in the open gym and make use of the professional equipment. This option can of course also be combined with a membership subscription. Facts about the Open Gym: 24\/7 access with your own key card Powerlifting, weightlifting, and [&hellip;]\" \/>\n<meta property=\"og:url\" content=\"https:\/\/www.crossfitjackhammer.ch\/en\/open-gym\/\" \/>\n<meta property=\"article:modified_time\" content=\"2026-02-19T13:27:02+00:00\" \/>\n<meta property=\"og:image\" content=\"https:\/\/www.crossfitjackhammer.ch\/wp-content\/uploads\/2024\/09\/67474922-BAEF-4735-8B80-1E6B927CA365-819x1024.jpg\" \/>\n<meta name=\"twitter:card\" content=\"summary_large_image\" \/>\n<meta name=\"twitter:label1\" content=\"Est. reading time\" \/>\n\t<meta name=\"twitter:data1\" content=\"2 minutes\" \/>\n<script type=\"application\/ld+json\" class=\"yoast-schema-graph\">{\"@context\":\"https:\/\/schema.org\",\"@graph\":[{\"@type\":\"WebSite\",\"@id\":\"https:\/\/www.crossfitjackhammer.ch\/#website\",\"url\":\"https:\/\/www.crossfitjackhammer.ch\/\",\"name\":\"\",\"description\":\"\",\"potentialAction\":[{\"@type\":\"SearchAction\",\"target\":{\"@type\":\"EntryPoint\",\"urlTemplate\":\"https:\/\/www.crossfitjackhammer.ch\/?s={search_term_string}\"},\"query-input\":\"required name=search_term_string\"}],\"inLanguage\":\"en-US\"},{\"@type\":\"ImageObject\",\"@id\":\"https:\/\/www.crossfitjackhammer.ch\/en\/open-gym\/#primaryimage\",\"inLanguage\":\"en-US\",\"url\":\"https:\/\/www.crossfitjackhammer.ch\/wp-content\/uploads\/2024\/09\/67474922-BAEF-4735-8B80-1E6B927CA365.jpg\",\"contentUrl\":\"https:\/\/www.crossfitjackhammer.ch\/wp-content\/uploads\/2024\/09\/67474922-BAEF-4735-8B80-1E6B927CA365.jpg\",\"width\":1440,\"height\":1800},{\"@type\":\"WebPage\",\"@id\":\"https:\/\/www.crossfitjackhammer.ch\/en\/open-gym\/#webpage\",\"url\":\"https:\/\/www.crossfitjackhammer.ch\/en\/open-gym\/\",\"name\":\"Open Gym -\",\"isPartOf\":{\"@id\":\"https:\/\/www.crossfitjackhammer.ch\/#website\"},\"primaryImageOfPage\":{\"@id\":\"https:\/\/www.crossfitjackhammer.ch\/en\/open-gym\/#primaryimage\"},\"datePublished\":\"2020-12-22T13:39:13+00:00\",\"dateModified\":\"2026-02-19T13:27:02+00:00\",\"breadcrumb\":{\"@id\":\"https:\/\/www.crossfitjackhammer.ch\/en\/open-gym\/#breadcrumb\"},\"inLanguage\":\"en-US\",\"potentialAction\":[{\"@type\":\"ReadAction\",\"target\":[\"https:\/\/www.crossfitjackhammer.ch\/en\/open-gym\/\"]}]},{\"@type\":\"BreadcrumbList\",\"@id\":\"https:\/\/www.crossfitjackhammer.ch\/en\/open-gym\/#breadcrumb\",\"itemListElement\":[{\"@type\":\"ListItem\",\"position\":1,\"name\":\"Startseite\",\"item\":\"https:\/\/www.crossfitjackhammer.ch\/?lang=en\"},{\"@type\":\"ListItem\",\"position\":2,\"name\":\"Open Gym\"}]}]}<\/script>\n<!-- \/ Yoast SEO plugin. -->","yoast_head_json":{"title":"Open Gym -","robots":{"index":"index","follow":"follow","max-snippet":"max-snippet:-1","max-image-preview":"max-image-preview:large","max-video-preview":"max-video-preview:-1"},"canonical":"https:\/\/www.crossfitjackhammer.ch\/en\/open-gym\/","og_locale":"en_US","og_type":"article","og_title":"Open Gym -","og_description":"24\/7 Open Gym kostenloses Probetraining Anfrage Probetraining In our gym, we offer the opportunity to train independently in the open gym and make use of the professional equipment. This option can of course also be combined with a membership subscription. Facts about the Open Gym: 24\/7 access with your own key card Powerlifting, weightlifting, and [&hellip;]","og_url":"https:\/\/www.crossfitjackhammer.ch\/en\/open-gym\/","article_modified_time":"2026-02-19T13:27:02+00:00","og_image":[{"url":"https:\/\/www.crossfitjackhammer.ch\/wp-content\/uploads\/2024\/09\/67474922-BAEF-4735-8B80-1E6B927CA365-819x1024.jpg"}],"twitter_card":"summary_large_image","twitter_misc":{"Est. reading time":"2 minutes"},"schema":{"@context":"https:\/\/schema.org","@graph":[{"@type":"WebSite","@id":"https:\/\/www.crossfitjackhammer.ch\/#website","url":"https:\/\/www.crossfitjackhammer.ch\/","name":"","description":"","potentialAction":[{"@type":"SearchAction","target":{"@type":"EntryPoint","urlTemplate":"https:\/\/www.crossfitjackhammer.ch\/?s={search_term_string}"},"query-input":"required name=search_term_string"}],"inLanguage":"en-US"},{"@type":"ImageObject","@id":"https:\/\/www.crossfitjackhammer.ch\/en\/open-gym\/#primaryimage","inLanguage":"en-US","url":"https:\/\/www.crossfitjackhammer.ch\/wp-content\/uploads\/2024\/09\/67474922-BAEF-4735-8B80-1E6B927CA365.jpg","contentUrl":"https:\/\/www.crossfitjackhammer.ch\/wp-content\/uploads\/2024\/09\/67474922-BAEF-4735-8B80-1E6B927CA365.jpg","width":1440,"height":1800},{"@type":"WebPage","@id":"https:\/\/www.crossfitjackhammer.ch\/en\/open-gym\/#webpage","url":"https:\/\/www.crossfitjackhammer.ch\/en\/open-gym\/","name":"Open Gym -","isPartOf":{"@id":"https:\/\/www.crossfitjackhammer.ch\/#website"},"primaryImageOfPage":{"@id":"https:\/\/www.crossfitjackhammer.ch\/en\/open-gym\/#primaryimage"},"datePublished":"2020-12-22T13:39:13+00:00","dateModified":"2026-02-19T13:27:02+00:00","breadcrumb":{"@id":"https:\/\/www.crossfitjackhammer.ch\/en\/open-gym\/#breadcrumb"},"inLanguage":"en-US","potentialAction":[{"@type":"ReadAction","target":["https:\/\/www.crossfitjackhammer.ch\/en\/open-gym\/"]}]},{"@type":"BreadcrumbList","@id":"https:\/\/www.crossfitjackhammer.ch\/en\/open-gym\/#breadcrumb","itemListElement":[{"@type":"ListItem","position":1,"name":"Startseite","item":"https:\/\/www.crossfitjackhammer.ch\/?lang=en"},{"@type":"ListItem","position":2,"name":"Open Gym"}]}]}},"_links":{"self":[{"href":"https:\/\/www.crossfitjackhammer.ch\/en\/wp-json\/wp\/v2\/pages\/511"}],"collection":[{"href":"https:\/\/www.crossfitjackhammer.ch\/en\/wp-json\/wp\/v2\/pages"}],"about":[{"href":"https:\/\/www.crossfitjackhammer.ch\/en\/wp-json\/wp\/v2\/types\/page"}],"author":[{"embeddable":true,"href":"https:\/\/www.crossfitjackhammer.ch\/en\/wp-json\/wp\/v2\/users\/1"}],"replies":[{"embeddable":true,"href":"https:\/\/www.crossfitjackhammer.ch\/en\/wp-json\/wp\/v2\/comments?post=511"}],"version-history":[{"count":4,"href":"https:\/\/www.crossfitjackhammer.ch\/en\/wp-json\/wp\/v2\/pages\/511\/revisions"}],"predecessor-version":[{"id":5000,"href":"https:\/\/www.crossfitjackhammer.ch\/en\/wp-json\/wp\/v2\/pages\/511\/revisions\/5000"}],"wp:attachment":[{"href":"https:\/\/www.crossfitjackhammer.ch\/en\/wp-json\/wp\/v2\/media?parent=511"}],"curies":[{"name":"wp","href":"https:\/\/api.w.org\/{rel}","templated":true}]}}